{"id":2,"date":"2012-01-25T10:09:57","date_gmt":"2012-01-25T10:09:57","guid":{"rendered":"http:\/\/www.colegiopadredehon.com\/blog\/pastoral\/?page_id=2"},"modified":"2012-02-23T18:49:25","modified_gmt":"2012-02-23T17:49:25","slug":"pagina-ejemplo","status":"publish","type":"page","link":"https:\/\/www.colegiopadredehon.com\/blog\/pastoral\/?page_id=2","title":{"rendered":"Bienvenidos"},"content":{"rendered":"<p>En la web del Colegio podemos encontrar una presentaci\u00f3n de todas las actividades que desde la Pastoral del Colegio venimos realizando&#8230; Despertar Religioso, Preparaci\u00f3n para la Primera Comuni\u00f3n, Post-Comuni\u00f3n, Confirmaci\u00f3n, Post-Confirmaci\u00f3n&#8230; Apadrinamientos, Grupos de Fe&#8230;<\/p>\n<p>Es este un espacio m\u00e1s cercano y din\u00e1mico en el que os vamos presentando en el d\u00eda a d\u00eda el camino que juntos recorremos en la formaci\u00f3n cristiana y adem\u00e1s os proponemos actividades que podamos realizar en casa (y fuera de ella) que nos sirvan para crecer humana y espiritualmente.<\/p>\n<p>El a\u00f1o pasado dec\u00edamos que \u00abla ra\u00edz de todo\u00bb estaba \u00aben el coraz\u00f3n\u00bb&#8230; Y es desde el coraz\u00f3n, impregnado de amor, desde donde parte nuestro ser, nuestra vida y nuestra experiencia.<\/p>\n<p>Que el Coraz\u00f3n de Jes\u00fas nos ayude.<\/p>\n<p>El Equipo de Pastoral.<\/p>\n","protected":false},"excerpt":{"rendered":"<p>En la web del Colegio podemos encontrar una presentaci\u00f3n de todas las actividades que desde la Pastoral del Colegio venimos realizando&#8230; Despertar Religioso, Preparaci\u00f3n para la Primera Comuni\u00f3n, Post-Comuni\u00f3n, Confirmaci\u00f3n, Post-Confirmaci\u00f3n&#8230; Apadrinamientos, Grupos de Fe&#8230; Es este un espacio m\u00e1s cercano y din\u00e1mico en el que os vamos presentando en el d\u00eda a d\u00eda el &hellip; <a class=\"read-excerpt\" href=\"https:\/\/www.colegiopadredehon.com\/blog\/pastoral\/?page_id=2\">Continue reading <span class=\"meta-nav\">&raquo;<\/span><\/a><\/p>\n","protected":false},"author":1,"featured_media":0,"parent":0,"menu_order":0,"comment_status":"open","ping_status":"open","template":"","meta":{"footnotes":""},"_links":{"self":[{"href":"https:\/\/www.colegiopadredehon.com\/blog\/pastoral\/index.php?rest_route=\/wp\/v2\/pages\/2"}],"collection":[{"href":"https:\/\/www.colegiopadredehon.com\/blog\/pastoral\/index.php?rest_route=\/wp\/v2\/pages"}],"about":[{"href":"https:\/\/www.colegiopadredehon.com\/blog\/pastoral\/index.php?rest_route=\/wp\/v2\/types\/page"}],"author":[{"embeddable":true,"href":"https:\/\/www.colegiopadredehon.com\/blog\/pastoral\/index.php?rest_route=\/wp\/v2\/users\/1"}],"replies":[{"embeddable":true,"href":"https:\/\/www.colegiopadredehon.com\/blog\/pastoral\/index.php?rest_route=%2Fwp%2Fv2%2Fcomments&post=2"}],"version-history":[{"count":3,"href":"https:\/\/www.colegiopadredehon.com\/blog\/pastoral\/index.php?rest_route=\/wp\/v2\/pages\/2\/revisions"}],"predecessor-version":[{"id":55,"href":"https:\/\/www.colegiopadredehon.com\/blog\/pastoral\/index.php?rest_route=\/wp\/v2\/pages\/2\/revisions\/55"}],"wp:attachment":[{"href":"https:\/\/www.colegiopadredehon.com\/blog\/pastoral\/index.php?rest_route=%2Fwp%2Fv2%2Fmedia&parent=2"}],"curies":[{"name":"wp","href":"https:\/\/api.w.org\/{rel}","templated":true}]}}